{"id":9176,"date":"2021-08-16T10:10:03","date_gmt":"2021-08-16T08:10:03","guid":{"rendered":"https:\/\/racksnet.com\/?page_id=9176"},"modified":"2021-08-16T10:16:27","modified_gmt":"2021-08-16T08:16:27","slug":"oem-registrierung","status":"publish","type":"page","link":"https:\/\/racksnet.com\/de\/oem-registrierung\/","title":{"rendered":"OEM Registrierung"},"content":{"rendered":"[vc_row type=&#8220;full_width_background&#8220; full_screen_row_position=&#8220;middle&#8220; column_margin=&#8220;default&#8220; equal_height=&#8220;yes&#8220; content_placement=&#8220;top&#8220; column_direction=&#8220;default&#8220; column_direction_tablet=&#8220;default&#8220; column_direction_phone=&#8220;default&#8220; bg_color=&#8220;#01446e&#8220; scene_position=&#8220;center&#8220; top_padding=&#8220;6%&#8220; constrain_group_1=&#8220;yes&#8220; bottom_padding=&#8220;6%&#8220; top_padding_tablet=&#8220;20%&#8220; bottom_padding_tablet=&#8220;20%&#8220; top_padding_phone=&#8220;20%&#8220; bottom_padding_phone=&#8220;20%&#8220; text_color=&#8220;light&#8220; text_align=&#8220;left&#8220; row_border_radius=&#8220;none&#8220; row_border_radius_applies=&#8220;bg&#8220; overlay_strength=&#8220;0.8&#8243; gradient_direction=&#8220;left_to_right&#8220; shape_divider_position=&#8220;bottom&#8220; bg_image_animation=&#8220;none&#8220; shape_type=&#8220;&#8220;][vc_column column_padding=&#8220;no-extra-padding&#8220; column_padding_tablet=&#8220;inherit&#8220; column_padding_phone=&#8220;inherit&#8220; column_padding_position=&#8220;all&#8220; column_element_spacing=&#8220;default&#8220; background_color_opacity=&#8220;1&#8243; background_hover_color_opacity=&#8220;1&#8243; column_shadow=&#8220;none&#8220; column_border_radius=&#8220;none&#8220; column_link_target=&#8220;_self&#8220; gradient_direction=&#8220;left_to_right&#8220; overlay_strength=&#8220;0.3&#8243; width=&#8220;1\/2&#8243; tablet_width_inherit=&#8220;default&#8220; tablet_text_alignment=&#8220;default&#8220; phone_text_alignment=&#8220;default&#8220; bg_image_animation=&#8220;none&#8220; border_type=&#8220;simple&#8220; column_border_width=&#8220;none&#8220; column_border_style=&#8220;solid&#8220;][vc_row_inner column_margin=&#8220;default&#8220; column_direction=&#8220;default&#8220; column_direction_tablet=&#8220;default&#8220; column_direction_phone=&#8220;default&#8220; text_align=&#8220;left&#8220;][vc_column_inner column_padding=&#8220;padding-2-percent&#8220; column_padding_tablet=&#8220;inherit&#8220; column_padding_phone=&#8220;inherit&#8220; column_padding_position=&#8220;left-right&#8220; column_element_spacing=&#8220;default&#8220; background_color_opacity=&#8220;1&#8243; background_hover_color_opacity=&#8220;1&#8243; column_shadow=&#8220;none&#8220; column_border_radius=&#8220;none&#8220; column_link_target=&#8220;_self&#8220; gradient_direction=&#8220;left_to_right&#8220; overlay_strength=&#8220;0.3&#8243; width=&#8220;1\/1&#8243; tablet_width_inherit=&#8220;default&#8220; bg_image_animation=&#8220;none&#8220; border_type=&#8220;simple&#8220; column_border_width=&#8220;none&#8220; column_border_style=&#8220;solid&#8220;][vc_column_text css_animation=&#8220;fadeInUp&#8220; css=&#8220;.vc_custom_1627922403283{margin-bottom: 10px !important;}&#8220;]\n<h5 style=\"color: #e6194c;\"><span style=\"color: #ededed;\">Hier registrieren<\/span><\/h5>\n[\/vc_column_text][split_line_heading animation_type=&#8220;line-reveal-by-space&#8220; font_style=&#8220;h1&#8243; content_alignment=&#8220;default&#8220; mobile_content_alignment=&#8220;inherit&#8220; text_content=&#8220;Zugang zum OEM-Portal&#8220; max_width=&#8220;475&#8243;][\/split_line_heading][vc_column_text]Als racksnet\u00ae OEM Partner k\u00f6nnen Sie hier Ihren pers\u00f6nlichen Zugang zum racksnet\u00ae OEM Info-Portal erstellen. Nach Ihrer Registrierung erfolgt die Freischaltung in der Regel innerhalb von 24 Stunden.<\/p>\n<p>Das racksnet\u00ae OEM Info-Portal bietet Ihnen neben der ausf\u00fchrlichen technischen Dokumentation unserer Software auch viele n\u00fctzliche Informationen f\u00fcr Key Accounter.<\/p>\n<p><strong>Wenn Sie Fragen, z.B. zur Registrierung oder Nutzung des Portals haben, schreiben Sie uns einfach:<\/strong><\/p>\n<p><span style=\"color: #ededed;\"><a style=\"color: #ededed;\" href=\"mailto:sales@racksnet.com?subject=Partner%20werden\">Ihre Anfrage per E-Mail!<\/a><\/span>[\/vc_column_text][\/vc_column_inner][\/vc_row_inner][\/vc_column][vc_column column_padding=&#8220;padding-4-percent&#8220; column_padding_tablet=&#8220;inherit&#8220; column_padding_phone=&#8220;inherit&#8220; column_padding_position=&#8220;all&#8220; column_element_spacing=&#8220;default&#8220; background_color_opacity=&#8220;1&#8243; background_hover_color_opacity=&#8220;1&#8243; column_shadow=&#8220;small_depth&#8220; column_border_radius=&#8220;5px&#8220; column_link_target=&#8220;_self&#8220; gradient_direction=&#8220;left_to_right&#8220; overlay_strength=&#8220;0.3&#8243; width=&#8220;1\/2&#8243; tablet_width_inherit=&#8220;default&#8220; tablet_text_alignment=&#8220;default&#8220; phone_text_alignment=&#8220;default&#8220; bg_image_animation=&#8220;none&#8220; enable_animation=&#8220;true&#8220; animation=&#8220;fade-in-from-right&#8220; border_type=&#8220;simple&#8220; column_border_width=&#8220;none&#8220;][vc_column_text css=&#8220;.vc_custom_1629101472954{padding-top: 10px !important;}&#8220;]<div class=\"swpm-registration-widget-form\">\n    <form id=\"swpm-registration-form\" class=\"swpm-validate-form\" name=\"swpm-registration-form\" method=\"post\" action=\"\">\n        <input type =\"hidden\" name=\"level_identifier\" value=\"8f14e45fceea167a5a36dedd4bea2543\" \/>\n        <table>\n            <tr class=\"swpm-registration-username-row\" >\n                <td><label for=\"user_name\">Benutzername<\/label><\/td>\n                <td><input type=\"text\" id=\"user_name\" class=\"validate[required,custom[noapostrophe],custom[SWPMUserName],minSize[4],ajax[ajaxUserCall]]\" value=\"\" size=\"50\" name=\"user_name\" \/><\/td>\n            <\/tr>\n            <tr class=\"swpm-registration-email-row\">\n                <td><label for=\"email\">E-Mail-Adresse<\/label><\/td>\n                <td><input type=\"text\" autocomplete=\"off\" id=\"email\" class=\"validate[required,custom[email],ajax[ajaxEmailCall]]\" value=\"\" size=\"50\" name=\"email\" \/><\/td>\n            <\/tr>\n            <tr class=\"swpm-registration-password-row\">\n                <td><label for=\"password\">Passwort<\/label><\/td>\n                <td><input type=\"password\" autocomplete=\"off\" id=\"password\" class=\"validate[required,custom[strongPass],minSize[8]]\" value=\"\" size=\"50\" name=\"password\" \/><\/td>\n            <\/tr>\n            <tr class=\"swpm-registration-password-retype-row\">\n                <td><label for=\"password_re\">Passwort wiederholen<\/label><\/td>\n                <td><input type=\"password\" autocomplete=\"off\" id=\"password_re\" value=\"\" size=\"50\" name=\"password_re\" \/><\/td>\n            <\/tr>\n            <tr class=\"swpm-registration-firstname-row\" >\n                <td><label for=\"first_name\">Vorname<\/label><\/td>\n                <td><input type=\"text\" id=\"first_name\" value=\"\" size=\"50\" name=\"first_name\" \/><\/td>\n            <\/tr>\n            <tr class=\"swpm-registration-lastname-row\" >\n                <td><label for=\"last_name\">Nachname<\/label><\/td>\n                <td><input type=\"text\" id=\"last_name\" value=\"\" size=\"50\" name=\"last_name\" \/><\/td>\n            <\/tr>\n            <tr class=\"swpm-registration-membership-level-row\" >\n                <td><label for=\"membership_level\">Mitgliedschaftsstufe<\/label><\/td>\n                <td>\n                    OEM-Dell<input type=\"hidden\" value=\"7\" size=\"50\" name=\"swpm_membership_level\" id=\"membership_level\" \/><input type=\"hidden\" name=\"swpm_level_hash\" value=\"b3cc35fb5bdad921593a58053f24cd4a\" \/>                <\/td>\n            <\/tr>\n                    <\/table>\n\n        <div class=\"swpm-before-registration-submit-section\" align=\"center\"><\/div>\n\n        <div class=\"swpm-registration-submit-section\" align=\"center\">\n            <input type=\"submit\" value=\"Registrieren\" class=\"swpm-registration-submit\" name=\"swpm_registration_submit\" \/>\n        <\/div>\n\n        <input type=\"hidden\" name=\"action\" value=\"custom_posts\" \/>\n\n    <\/form>\n<\/div>\n[\/vc_column_text][\/vc_column][\/vc_row]\n","protected":false},"excerpt":{"rendered":"<p>[vc_row type=&#8220;full_width_background&#8220; full_screen_row_position=&#8220;middle&#8220; column_margin=&#8220;default&#8220; equal_height=&#8220;yes&#8220; content_placement=&#8220;top&#8220; column_direction=&#8220;default&#8220; column_direction_tablet=&#8220;default&#8220; column_direction_phone=&#8220;default&#8220; bg_color=&#8220;#01446e&#8220; scene_position=&#8220;center&#8220; top_padding=&#8220;6%&#8220; constrain_group_1=&#8220;yes&#8220; bottom_padding=&#8220;6%&#8220; top_padding_tablet=&#8220;20%&#8220; bottom_padding_tablet=&#8220;20%&#8220; top_padding_phone=&#8220;20%&#8220; bottom_padding_phone=&#8220;20%&#8220; text_color=&#8220;light&#8220; text_align=&#8220;left&#8220; row_border_radius=&#8220;none&#8220; row_border_radius_applies=&#8220;bg&#8220; overlay_strength=&#8220;0.8&#8243; gradient_direction=&#8220;left_to_right&#8220; shape_divider_position=&#8220;bottom&#8220; bg_image_animation=&#8220;none&#8220; shape_type=&#8220;&#8220;][vc_column column_padding=&#8220;no-extra-padding&#8220; column_padding_tablet=&#8220;inherit&#8220; column_padding_phone=&#8220;inherit&#8220;&#8230;<\/p>\n","protected":false},"author":2,"featured_media":0,"parent":0,"menu_order":0,"comment_status":"closed","ping_status":"closed","template":"","meta":{"inline_featured_image":false,"footnotes":""},"class_list":["post-9176","page","type-page","status-publish"],"yoast_head":"<!-- This site is optimized with the Yoast SEO plugin v24.9 - https:\/\/yoast.com\/wordpress\/plugins\/seo\/ -->\n<title>OEM Registrierung - racksnet\u00ae Multi-Vendor Network Automation<\/title>\n<meta name=\"robots\" content=\"index, follow, max-snippet:-1, max-image-preview:large, max-video-preview:-1\" \/>\n<link rel=\"canonical\" href=\"https:\/\/racksnet.com\/de\/oem-registrierung\/\" \/>\n<meta property=\"og:locale\" content=\"de_DE\" \/>\n<meta property=\"og:type\" content=\"article\" \/>\n<meta property=\"og:title\" content=\"OEM Registrierung - racksnet\u00ae Multi-Vendor Network Automation\" \/>\n<meta property=\"og:description\" content=\"[vc_row type=&#8220;full_width_background&#8220; full_screen_row_position=&#8220;middle&#8220; column_margin=&#8220;default&#8220; equal_height=&#8220;yes&#8220; content_placement=&#8220;top&#8220; column_direction=&#8220;default&#8220; column_direction_tablet=&#8220;default&#8220; column_direction_phone=&#8220;default&#8220; bg_color=&#8220;#01446e&#8220; scene_position=&#8220;center&#8220; top_padding=&#8220;6%&#8220; constrain_group_1=&#8220;yes&#8220; bottom_padding=&#8220;6%&#8220; top_padding_tablet=&#8220;20%&#8220; bottom_padding_tablet=&#8220;20%&#8220; top_padding_phone=&#8220;20%&#8220; bottom_padding_phone=&#8220;20%&#8220; text_color=&#8220;light&#8220; text_align=&#8220;left&#8220; row_border_radius=&#8220;none&#8220; row_border_radius_applies=&#8220;bg&#8220; overlay_strength=&#8220;0.8&#8243; gradient_direction=&#8220;left_to_right&#8220; shape_divider_position=&#8220;bottom&#8220; bg_image_animation=&#8220;none&#8220; shape_type=&#8220;&#8220;][vc_column column_padding=&#8220;no-extra-padding&#8220; column_padding_tablet=&#8220;inherit&#8220; column_padding_phone=&#8220;inherit&#8220;...\" \/>\n<meta property=\"og:url\" content=\"https:\/\/racksnet.com\/de\/oem-registrierung\/\" \/>\n<meta property=\"og:site_name\" content=\"racksnet\u00ae Multi-Vendor Network Automation\" \/>\n<meta property=\"article:modified_time\" content=\"2021-08-16T08:16:27+00:00\" \/>\n<meta name=\"twitter:card\" content=\"summary_large_image\" \/>\n<meta name=\"twitter:label1\" content=\"Gesch\u00e4tzte Lesezeit\" \/>\n\t<meta name=\"twitter:data1\" content=\"1\u00a0Minute\" \/>\n<script type=\"application\/ld+json\" class=\"yoast-schema-graph\">{\"@context\":\"https:\/\/schema.org\",\"@graph\":[{\"@type\":\"WebPage\",\"@id\":\"https:\/\/racksnet.com\/de\/oem-registrierung\/\",\"url\":\"https:\/\/racksnet.com\/de\/oem-registrierung\/\",\"name\":\"OEM Registrierung - racksnet\u00ae Multi-Vendor Network Automation\",\"isPartOf\":{\"@id\":\"https:\/\/racksnet.com\/de\/#website\"},\"datePublished\":\"2021-08-16T08:10:03+00:00\",\"dateModified\":\"2021-08-16T08:16:27+00:00\",\"breadcrumb\":{\"@id\":\"https:\/\/racksnet.com\/de\/oem-registrierung\/#breadcrumb\"},\"inLanguage\":\"de\",\"potentialAction\":[{\"@type\":\"ReadAction\",\"target\":[\"https:\/\/racksnet.com\/de\/oem-registrierung\/\"]}]},{\"@type\":\"BreadcrumbList\",\"@id\":\"https:\/\/racksnet.com\/de\/oem-registrierung\/#breadcrumb\",\"itemListElement\":[{\"@type\":\"ListItem\",\"position\":1,\"name\":\"Startseite\",\"item\":\"https:\/\/racksnet.com\/de\/\"},{\"@type\":\"ListItem\",\"position\":2,\"name\":\"OEM Registrierung\"}]},{\"@type\":\"WebSite\",\"@id\":\"https:\/\/racksnet.com\/de\/#website\",\"url\":\"https:\/\/racksnet.com\/de\/\",\"name\":\"racksnet\u00ae Multi-Vendor Network Automation\",\"description\":\"Network Automation Cloud\",\"publisher\":{\"@id\":\"https:\/\/racksnet.com\/de\/#organization\"},\"potentialAction\":[{\"@type\":\"SearchAction\",\"target\":{\"@type\":\"EntryPoint\",\"urlTemplate\":\"https:\/\/racksnet.com\/de\/?s={search_term_string}\"},\"query-input\":{\"@type\":\"PropertyValueSpecification\",\"valueRequired\":true,\"valueName\":\"search_term_string\"}}],\"inLanguage\":\"de\"},{\"@type\":\"Organization\",\"@id\":\"https:\/\/racksnet.com\/de\/#organization\",\"name\":\"racksnet GmbH\",\"url\":\"https:\/\/racksnet.com\/de\/\",\"logo\":{\"@type\":\"ImageObject\",\"inLanguage\":\"de\",\"@id\":\"https:\/\/racksnet.com\/de\/#\/schema\/logo\/image\/\",\"url\":\"https:\/\/racksnet.com\/wp-content\/uploads\/2020\/02\/racksnetR-Logo_BLUE_CMYK_SVG.svg\",\"contentUrl\":\"https:\/\/racksnet.com\/wp-content\/uploads\/2020\/02\/racksnetR-Logo_BLUE_CMYK_SVG.svg\",\"width\":60,\"height\":17,\"caption\":\"racksnet GmbH\"},\"image\":{\"@id\":\"https:\/\/racksnet.com\/de\/#\/schema\/logo\/image\/\"},\"sameAs\":[\"https:\/\/www.instagram.com\/racksnet_team\/?hl=de\",\"https:\/\/www.youtube.com\/channel\/UC2bgrlYzS-sDEynp63ECsOQ\"]}]}<\/script>\n<!-- \/ Yoast SEO plugin. -->","yoast_head_json":{"title":"OEM Registrierung - racksnet\u00ae Multi-Vendor Network Automation","robots":{"index":"index","follow":"follow","max-snippet":"max-snippet:-1","max-image-preview":"max-image-preview:large","max-video-preview":"max-video-preview:-1"},"canonical":"https:\/\/racksnet.com\/de\/oem-registrierung\/","og_locale":"de_DE","og_type":"article","og_title":"OEM Registrierung - racksnet\u00ae Multi-Vendor Network Automation","og_description":"[vc_row type=&#8220;full_width_background&#8220; full_screen_row_position=&#8220;middle&#8220; column_margin=&#8220;default&#8220; equal_height=&#8220;yes&#8220; content_placement=&#8220;top&#8220; column_direction=&#8220;default&#8220; column_direction_tablet=&#8220;default&#8220; column_direction_phone=&#8220;default&#8220; bg_color=&#8220;#01446e&#8220; scene_position=&#8220;center&#8220; top_padding=&#8220;6%&#8220; constrain_group_1=&#8220;yes&#8220; bottom_padding=&#8220;6%&#8220; top_padding_tablet=&#8220;20%&#8220; bottom_padding_tablet=&#8220;20%&#8220; top_padding_phone=&#8220;20%&#8220; bottom_padding_phone=&#8220;20%&#8220; text_color=&#8220;light&#8220; text_align=&#8220;left&#8220; row_border_radius=&#8220;none&#8220; row_border_radius_applies=&#8220;bg&#8220; overlay_strength=&#8220;0.8&#8243; gradient_direction=&#8220;left_to_right&#8220; shape_divider_position=&#8220;bottom&#8220; bg_image_animation=&#8220;none&#8220; shape_type=&#8220;&#8220;][vc_column column_padding=&#8220;no-extra-padding&#8220; column_padding_tablet=&#8220;inherit&#8220; column_padding_phone=&#8220;inherit&#8220;...","og_url":"https:\/\/racksnet.com\/de\/oem-registrierung\/","og_site_name":"racksnet\u00ae Multi-Vendor Network Automation","article_modified_time":"2021-08-16T08:16:27+00:00","twitter_card":"summary_large_image","twitter_misc":{"Gesch\u00e4tzte Lesezeit":"1\u00a0Minute"},"schema":{"@context":"https:\/\/schema.org","@graph":[{"@type":"WebPage","@id":"https:\/\/racksnet.com\/de\/oem-registrierung\/","url":"https:\/\/racksnet.com\/de\/oem-registrierung\/","name":"OEM Registrierung - racksnet\u00ae Multi-Vendor Network Automation","isPartOf":{"@id":"https:\/\/racksnet.com\/de\/#website"},"datePublished":"2021-08-16T08:10:03+00:00","dateModified":"2021-08-16T08:16:27+00:00","breadcrumb":{"@id":"https:\/\/racksnet.com\/de\/oem-registrierung\/#breadcrumb"},"inLanguage":"de","potentialAction":[{"@type":"ReadAction","target":["https:\/\/racksnet.com\/de\/oem-registrierung\/"]}]},{"@type":"BreadcrumbList","@id":"https:\/\/racksnet.com\/de\/oem-registrierung\/#breadcrumb","itemListElement":[{"@type":"ListItem","position":1,"name":"Startseite","item":"https:\/\/racksnet.com\/de\/"},{"@type":"ListItem","position":2,"name":"OEM Registrierung"}]},{"@type":"WebSite","@id":"https:\/\/racksnet.com\/de\/#website","url":"https:\/\/racksnet.com\/de\/","name":"racksnet\u00ae Multi-Vendor Network Automation","description":"Network Automation Cloud","publisher":{"@id":"https:\/\/racksnet.com\/de\/#organization"},"potentialAction":[{"@type":"SearchAction","target":{"@type":"EntryPoint","urlTemplate":"https:\/\/racksnet.com\/de\/?s={search_term_string}"},"query-input":{"@type":"PropertyValueSpecification","valueRequired":true,"valueName":"search_term_string"}}],"inLanguage":"de"},{"@type":"Organization","@id":"https:\/\/racksnet.com\/de\/#organization","name":"racksnet GmbH","url":"https:\/\/racksnet.com\/de\/","logo":{"@type":"ImageObject","inLanguage":"de","@id":"https:\/\/racksnet.com\/de\/#\/schema\/logo\/image\/","url":"https:\/\/racksnet.com\/wp-content\/uploads\/2020\/02\/racksnetR-Logo_BLUE_CMYK_SVG.svg","contentUrl":"https:\/\/racksnet.com\/wp-content\/uploads\/2020\/02\/racksnetR-Logo_BLUE_CMYK_SVG.svg","width":60,"height":17,"caption":"racksnet GmbH"},"image":{"@id":"https:\/\/racksnet.com\/de\/#\/schema\/logo\/image\/"},"sameAs":["https:\/\/www.instagram.com\/racksnet_team\/?hl=de","https:\/\/www.youtube.com\/channel\/UC2bgrlYzS-sDEynp63ECsOQ"]}]}},"_links":{"self":[{"href":"https:\/\/racksnet.com\/de\/wp-json\/wp\/v2\/pages\/9176","targetHints":{"allow":["GET"]}}],"collection":[{"href":"https:\/\/racksnet.com\/de\/wp-json\/wp\/v2\/pages"}],"about":[{"href":"https:\/\/racksnet.com\/de\/wp-json\/wp\/v2\/types\/page"}],"author":[{"embeddable":true,"href":"https:\/\/racksnet.com\/de\/wp-json\/wp\/v2\/users\/2"}],"replies":[{"embeddable":true,"href":"https:\/\/racksnet.com\/de\/wp-json\/wp\/v2\/comments?post=9176"}],"version-history":[{"count":8,"href":"https:\/\/racksnet.com\/de\/wp-json\/wp\/v2\/pages\/9176\/revisions"}],"predecessor-version":[{"id":9268,"href":"https:\/\/racksnet.com\/de\/wp-json\/wp\/v2\/pages\/9176\/revisions\/9268"}],"wp:attachment":[{"href":"https:\/\/racksnet.com\/de\/wp-json\/wp\/v2\/media?parent=9176"}],"curies":[{"name":"wp","href":"https:\/\/api.w.org\/{rel}","templated":true}]}}