{"id":7264,"date":"2021-05-31T11:28:18","date_gmt":"2021-05-31T09:28:18","guid":{"rendered":"https:\/\/racksnet.com\/?page_id=7264"},"modified":"2021-07-30T13:00:53","modified_gmt":"2021-07-30T11:00:53","slug":"branchen","status":"publish","type":"page","link":"https:\/\/racksnet.com\/de\/branchen\/","title":{"rendered":"Branchen"},"content":{"rendered":"[vc_row type=&#8220;full_width_background&#8220; full_screen_row_position=&#8220;middle&#8220; column_margin=&#8220;default&#8220; equal_height=&#8220;yes&#8220; content_placement=&#8220;bottom&#8220; column_direction=&#8220;default&#8220; column_direction_tablet=&#8220;default&#8220; column_direction_phone=&#8220;default&#8220; bg_color=&#8220;#ffffff&#8220; scene_position=&#8220;center&#8220; top_padding=&#8220;5%&#8220; bottom_padding=&#8220;8%&#8220; text_color=&#8220;dark&#8220; text_align=&#8220;left&#8220; row_border_radius=&#8220;none&#8220; row_border_radius_applies=&#8220;bg&#8220; overlay_strength=&#8220;0.8&#8243; gradient_direction=&#8220;left_to_right&#8220; shape_divider_position=&#8220;bottom&#8220; shape_divider_height=&#8220;350&#8243; bg_image_animation=&#8220;none&#8220; shape_type=&#8220;mountains&#8220;][vc_column column_padding=&#8220;no-extra-padding&#8220; column_padding_tablet=&#8220;inherit&#8220; column_padding_phone=&#8220;inherit&#8220; column_padding_position=&#8220;all&#8220; column_element_spacing=&#8220;default&#8220; background_color_opacity=&#8220;1&#8243; background_hover_color_opacity=&#8220;1&#8243; column_shadow=&#8220;none&#8220; column_border_radius=&#8220;none&#8220; column_link_target=&#8220;_self&#8220; gradient_direction=&#8220;left_to_right&#8220; overlay_strength=&#8220;0.3&#8243; width=&#8220;2\/3&#8243; tablet_width_inherit=&#8220;default&#8220; tablet_text_alignment=&#8220;default&#8220; phone_text_alignment=&#8220;default&#8220; bg_image_animation=&#8220;none&#8220; border_type=&#8220;simple&#8220; column_border_width=&#8220;none&#8220; column_border_style=&#8220;solid&#8220;][vc_row_inner column_margin=&#8220;default&#8220; column_direction=&#8220;default&#8220; column_direction_tablet=&#8220;default&#8220; column_direction_phone=&#8220;default&#8220; text_align=&#8220;left&#8220;][vc_column_inner column_padding=&#8220;no-extra-padding&#8220; column_padding_tablet=&#8220;inherit&#8220; column_padding_phone=&#8220;inherit&#8220; column_padding_position=&#8220;all&#8220; column_element_spacing=&#8220;default&#8220; background_color_opacity=&#8220;1&#8243; background_hover_color_opacity=&#8220;1&#8243; column_shadow=&#8220;none&#8220; column_border_radius=&#8220;none&#8220; column_link_target=&#8220;_self&#8220; gradient_direction=&#8220;left_to_right&#8220; overlay_strength=&#8220;0.3&#8243; width=&#8220;1\/1&#8243; tablet_width_inherit=&#8220;default&#8220; bg_image_animation=&#8220;none&#8220; border_type=&#8220;simple&#8220; column_border_width=&#8220;none&#8220; column_border_style=&#8220;solid&#8220;][nectar_highlighted_text color_type=&#8220;regular&#8220; highlight_color=&#8220;#ffffff&#8220; text_color=&#8220;#01446e&#8220; style=&#8220;regular_underline&#8220; highlight_expansion=&#8220;default&#8220; underline_thickness=&#8220;default&#8220;]\n<h1>Die Automatisierungsl\u00f6sung f\u00fcr Industrie, Handel und Dienstleistung<\/h1>\n[\/nectar_highlighted_text][\/vc_column_inner][\/vc_row_inner][vc_row_inner column_margin=&#8220;default&#8220; column_direction=&#8220;default&#8220; column_direction_tablet=&#8220;default&#8220; column_direction_phone=&#8220;default&#8220; text_align=&#8220;left&#8220;][vc_column_inner column_padding=&#8220;no-extra-padding&#8220; column_padding_tablet=&#8220;inherit&#8220; column_padding_phone=&#8220;inherit&#8220; column_padding_position=&#8220;all&#8220; column_element_spacing=&#8220;default&#8220; background_color_opacity=&#8220;1&#8243; background_hover_color_opacity=&#8220;1&#8243; column_shadow=&#8220;none&#8220; column_border_radius=&#8220;none&#8220; column_link_target=&#8220;_self&#8220; gradient_direction=&#8220;left_to_right&#8220; overlay_strength=&#8220;0.3&#8243; width=&#8220;1\/1&#8243; tablet_width_inherit=&#8220;default&#8220; bg_image_animation=&#8220;none&#8220; border_type=&#8220;simple&#8220; column_border_width=&#8220;none&#8220; column_border_style=&#8220;solid&#8220;][vc_column_text max_width=&#8220;1000&#8243;]Die Digitale Transformation zieht sich durch alle Branchen. Unternehmen und Organisationen, die hier mit ihrem Produkt- und Leistungsangebot bestehen wollen, brauchen flexible, schnell anpassbare und verl\u00e4ssliche Netzwerk-Infrastrukturen.<\/p>\n<p>Mit der Netzwerk-Automatisierungs- und Managementl\u00f6sung schaffen Sie sich ein sicheres technologisches Fundament f\u00fcr Ihre zuk\u00fcnftige Gesch\u00e4ftsentwicklung, ganz gleich in welcher Branche Sie t\u00e4tig sind. Die cloudbasierte, herstellunabh\u00e4ngige racksnet\u00ae L\u00f6sung eignet sich sowohl f\u00fcr gro\u00dfe Organisation mit verteilter Netzwerkinfrastruktur ebenso wie f\u00fcr Rechenzentren oder Unternehmen mit kleineren Campus- oder DC-Netzwerken.[\/vc_column_text][\/vc_column_inner][\/vc_row_inner][\/vc_column][vc_column column_padding=&#8220;no-extra-padding&#8220; column_padding_tablet=&#8220;inherit&#8220; column_padding_phone=&#8220;inherit&#8220; column_padding_position=&#8220;all&#8220; column_element_spacing=&#8220;default&#8220; background_color_opacity=&#8220;1&#8243; background_hover_color_opacity=&#8220;1&#8243; column_shadow=&#8220;none&#8220; column_border_radius=&#8220;none&#8220; column_link_target=&#8220;_self&#8220; gradient_direction=&#8220;left_to_right&#8220; overlay_strength=&#8220;0.3&#8243; width=&#8220;1\/3&#8243; tablet_width_inherit=&#8220;default&#8220; tablet_text_alignment=&#8220;default&#8220; phone_text_alignment=&#8220;default&#8220; bg_image_animation=&#8220;none&#8220; border_type=&#8220;simple&#8220; column_border_width=&#8220;none&#8220; column_border_style=&#8220;solid&#8220;][\/vc_column][\/vc_row][vc_row type=&#8220;full_width_content&#8220; full_screen_row_position=&#8220;middle&#8220; column_margin=&#8220;none&#8220; column_direction=&#8220;default&#8220; column_direction_tablet=&#8220;default&#8220; column_direction_phone=&#8220;default&#8220; bg_color=&#8220;#ffffff&#8220; scene_position=&#8220;center&#8220; top_padding_tablet=&#8220;8%&#8220; constrain_group_3=&#8220;yes&#8220; bottom_padding_tablet=&#8220;8%&#8220; text_color=&#8220;dark&#8220; text_align=&#8220;left&#8220; row_border_radius=&#8220;none&#8220; row_border_radius_applies=&#8220;bg&#8220; overlay_strength=&#8220;0.3&#8243; gradient_direction=&#8220;left_to_right&#8220; shape_divider_position=&#8220;bottom&#8220; bg_image_animation=&#8220;none&#8220; shape_type=&#8220;&#8220;][vc_column column_padding=&#8220;no-extra-padding&#8220; column_padding_tablet=&#8220;inherit&#8220; column_padding_phone=&#8220;inherit&#8220; column_padding_position=&#8220;all&#8220; column_element_spacing=&#8220;default&#8220; background_color_opacity=&#8220;1&#8243; background_hover_color_opacity=&#8220;1&#8243; column_shadow=&#8220;none&#8220; column_border_radius=&#8220;none&#8220; column_link_target=&#8220;_self&#8220; gradient_direction=&#8220;left_to_right&#8220; overlay_strength=&#8220;0.3&#8243; width=&#8220;1\/1&#8243; tablet_width_inherit=&#8220;default&#8220; tablet_text_alignment=&#8220;default&#8220; phone_text_alignment=&#8220;default&#8220; bg_image_animation=&#8220;none&#8220; border_type=&#8220;simple&#8220; column_border_width=&#8220;none&#8220; column_border_style=&#8220;solid&#8220;][vc_row_inner equal_height=&#8220;yes&#8220; content_placement=&#8220;middle&#8220; column_margin=&#8220;none&#8220; column_direction=&#8220;default&#8220; column_direction_tablet=&#8220;default&#8220; column_direction_phone=&#8220;default&#8220; text_align=&#8220;left&#8220;][vc_column_inner column_padding=&#8220;padding-5-percent&#8220; column_padding_tablet=&#8220;inherit&#8220; column_padding_phone=&#8220;inherit&#8220; column_padding_position=&#8220;all&#8220; column_element_spacing=&#8220;default&#8220; centered_text=&#8220;true&#8220; background_color_opacity=&#8220;1&#8243; background_hover_color_opacity=&#8220;1&#8243; background_image=&#8220;7274&#8243; background_image_position=&#8220;center center&#8220; enable_bg_scale=&#8220;true&#8220; background_image_loading=&#8220;default&#8220; font_color=&#8220;#ffffff&#8220; column_shadow=&#8220;none&#8220; column_border_radius=&#8220;none&#8220; column_link_target=&#8220;_self&#8220; color_overlay=&#8220;#0a0a0a&#8220; gradient_direction=&#8220;left_to_right&#8220; overlay_strength=&#8220;0.5&#8243; width=&#8220;1\/3&#8243; tablet_width_inherit=&#8220;default&#8220; bg_image_animation=&#8220;none&#8220; parallax_bg=&#8220;true&#8220; parallax_bg_speed=&#8220;very_subtle&#8220; border_type=&#8220;simple&#8220; column_border_width=&#8220;none&#8220; column_border_style=&#8220;solid&#8220;][divider line_type=&#8220;No Line&#8220; custom_height=&#8220;25vh&#8220; custom_height_phone=&#8220;150&#8243;][nectar_icon icon_family=&#8220;fontawesome&#8220; icon_style=&#8220;default&#8220; icon_color_type=&#8220;color_scheme&#8220; icon_color=&#8220;white&#8220; icon_padding=&#8220;20px&#8220; icon_fontawesome=&#8220;fa fa-medkit&#8220; icon_size=&#8220;30&#8243;][vc_column_text max_width=&#8220;350&#8243; css=&#8220;.vc_custom_1622457425987{margin-bottom: 15px !important;}&#8220;]\n<h2>Gesundheitswesen und Medizintechnik<\/h2>\n[\/vc_column_text][nectar_cta btn_style=&#8220;arrow-animation&#8220; heading_tag=&#8220;span&#8220; text_color=&#8220;#ffffff&#8220; button_color=&#8220;default&#8220; link_type=&#8220;regular&#8220; alignment=&#8220;center&#8220; alignment_tablet=&#8220;default&#8220; alignment_phone=&#8220;default&#8220; display=&#8220;block&#8220; link_text=&#8220;Mehr erfahren&#8220; url=&#8220;https:\/\/racksnet.com\/de\/branchen\/gesundheitswesen-und-medizintechnik\/&#8220;][divider line_type=&#8220;No Line&#8220; custom_height=&#8220;25vh&#8220; custom_height_phone=&#8220;150&#8243;][\/vc_column_inner][vc_column_inner column_padding=&#8220;padding-5-percent&#8220; column_padding_tablet=&#8220;inherit&#8220; column_padding_phone=&#8220;inherit&#8220; column_padding_position=&#8220;all&#8220; column_element_spacing=&#8220;default&#8220; centered_text=&#8220;true&#8220; background_color_opacity=&#8220;1&#8243; background_hover_color_opacity=&#8220;1&#8243; background_image=&#8220;7420&#8243; background_image_position=&#8220;center center&#8220; enable_bg_scale=&#8220;true&#8220; background_image_loading=&#8220;default&#8220; font_color=&#8220;#ffffff&#8220; column_shadow=&#8220;none&#8220; column_border_radius=&#8220;none&#8220; column_link_target=&#8220;_self&#8220; color_overlay=&#8220;#0a0a0a&#8220; gradient_direction=&#8220;radial&#8220; overlay_strength=&#8220;0.5&#8243; width=&#8220;1\/3&#8243; tablet_width_inherit=&#8220;default&#8220; bg_image_animation=&#8220;none&#8220; parallax_bg=&#8220;true&#8220; parallax_bg_speed=&#8220;fast&#8220; border_type=&#8220;simple&#8220; column_border_width=&#8220;none&#8220; column_border_style=&#8220;solid&#8220;][divider line_type=&#8220;No Line&#8220; custom_height=&#8220;25vh&#8220; custom_height_phone=&#8220;150&#8243;][nectar_icon icon_family=&#8220;fontawesome&#8220; icon_style=&#8220;default&#8220; icon_color_type=&#8220;color_scheme&#8220; icon_color=&#8220;white&#8220; icon_padding=&#8220;20px&#8220; icon_fontawesome=&#8220;fa fa-building-o&#8220; icon_size=&#8220;30&#8243;][vc_column_text css=&#8220;.vc_custom_1622457434524{margin-bottom: 15px !important;}&#8220; max_width=&#8220;350&#8243;]\n<h2>Beh\u00f6rden und Verwaltung<\/h2>\n[\/vc_column_text][nectar_cta btn_style=&#8220;arrow-animation&#8220; heading_tag=&#8220;span&#8220; text_color=&#8220;#ffffff&#8220; button_color=&#8220;default&#8220; link_type=&#8220;regular&#8220; alignment=&#8220;center&#8220; alignment_tablet=&#8220;default&#8220; alignment_phone=&#8220;default&#8220; display=&#8220;block&#8220; link_text=&#8220;Mehr erfahren&#8220; url=&#8220;https:\/\/racksnet.com\/de\/branchen\/behoerden-und-verwaltung\/&#8220;][divider line_type=&#8220;No Line&#8220; custom_height=&#8220;25vh&#8220; custom_height_phone=&#8220;150&#8243;][\/vc_column_inner][vc_column_inner column_padding=&#8220;padding-5-percent&#8220; column_padding_tablet=&#8220;inherit&#8220; column_padding_phone=&#8220;inherit&#8220; column_padding_position=&#8220;all&#8220; column_element_spacing=&#8220;default&#8220; centered_text=&#8220;true&#8220; background_color_opacity=&#8220;1&#8243; background_hover_color_opacity=&#8220;1&#8243; background_image=&#8220;7365&#8243; background_image_position=&#8220;center center&#8220; enable_bg_scale=&#8220;true&#8220; background_image_loading=&#8220;default&#8220; font_color=&#8220;#ffffff&#8220; column_shadow=&#8220;none&#8220; column_border_radius=&#8220;none&#8220; column_link_target=&#8220;_self&#8220; color_overlay=&#8220;#0a0a0a&#8220; gradient_direction=&#8220;left_to_right&#8220; overlay_strength=&#8220;0.5&#8243; width=&#8220;1\/3&#8243; tablet_width_inherit=&#8220;default&#8220; bg_image_animation=&#8220;none&#8220; parallax_bg=&#8220;true&#8220; parallax_bg_speed=&#8220;fast&#8220; border_type=&#8220;simple&#8220; column_border_width=&#8220;none&#8220; column_border_style=&#8220;solid&#8220;][divider line_type=&#8220;No Line&#8220; custom_height=&#8220;25vh&#8220; custom_height_phone=&#8220;150&#8243;][nectar_icon icon_family=&#8220;fontawesome&#8220; icon_style=&#8220;default&#8220; icon_color_type=&#8220;color_scheme&#8220; icon_color=&#8220;white&#8220; icon_padding=&#8220;20px&#8220; icon_fontawesome=&#8220;fa fa-graduation-cap&#8220; icon_size=&#8220;30&#8243;][vc_column_text css=&#8220;.vc_custom_1622457443973{margin-bottom: 15px !important;}&#8220; max_width=&#8220;350&#8243;]\n<h2>Bildung und Erziehung<\/h2>\n[\/vc_column_text][nectar_cta btn_style=&#8220;arrow-animation&#8220; heading_tag=&#8220;span&#8220; text_color=&#8220;#ffffff&#8220; button_color=&#8220;default&#8220; link_type=&#8220;regular&#8220; alignment=&#8220;center&#8220; alignment_tablet=&#8220;default&#8220; alignment_phone=&#8220;default&#8220; display=&#8220;block&#8220; link_text=&#8220;Mehr erfahren&#8220; url=&#8220;https:\/\/racksnet.com\/de\/branchen\/bildung-und-erziehung\/&#8220;][divider line_type=&#8220;No Line&#8220; custom_height=&#8220;25vh&#8220; custom_height_phone=&#8220;150&#8243;][\/vc_column_inner][\/vc_row_inner][\/vc_column][\/vc_row]\n","protected":false},"excerpt":{"rendered":"<p>[vc_row type=&#8220;full_width_background&#8220; full_screen_row_position=&#8220;middle&#8220; column_margin=&#8220;default&#8220; equal_height=&#8220;yes&#8220; content_placement=&#8220;bottom&#8220; column_direction=&#8220;default&#8220; column_direction_tablet=&#8220;default&#8220; column_direction_phone=&#8220;default&#8220; bg_color=&#8220;#ffffff&#8220; scene_position=&#8220;center&#8220; top_padding=&#8220;5%&#8220; bottom_padding=&#8220;8%&#8220; text_color=&#8220;dark&#8220; text_align=&#8220;left&#8220; row_border_radius=&#8220;none&#8220; row_border_radius_applies=&#8220;bg&#8220; overlay_strength=&#8220;0.8&#8243; gradient_direction=&#8220;left_to_right&#8220; shape_divider_position=&#8220;bottom&#8220; shape_divider_height=&#8220;350&#8243; bg_image_animation=&#8220;none&#8220; shape_type=&#8220;mountains&#8220;][vc_column column_padding=&#8220;no-extra-padding&#8220; column_padding_tablet=&#8220;inherit&#8220; column_padding_phone=&#8220;inherit&#8220; column_padding_position=&#8220;all&#8220; column_element_spacing=&#8220;default&#8220; background_color_opacity=&#8220;1&#8243; background_hover_color_opacity=&#8220;1&#8243;&#8230;<\/p>\n","protected":false},"author":2,"featured_media":0,"parent":0,"menu_order":0,"comment_status":"closed","ping_status":"closed","template":"","meta":{"inline_featured_image":false,"footnotes":""},"class_list":["post-7264","page","type-page","status-publish"],"yoast_head":"<!-- This site is optimized with the Yoast SEO plugin v24.9 - https:\/\/yoast.com\/wordpress\/plugins\/seo\/ -->\n<title>Branchen - racksnet\u00ae Multi-Vendor Network Automation<\/title>\n<meta name=\"robots\" content=\"index, follow, max-snippet:-1, max-image-preview:large, max-video-preview:-1\" \/>\n<link rel=\"canonical\" href=\"https:\/\/racksnet.com\/de\/branchen\/\" \/>\n<meta property=\"og:locale\" content=\"de_DE\" \/>\n<meta property=\"og:type\" content=\"article\" \/>\n<meta property=\"og:title\" content=\"Branchen - racksnet\u00ae Multi-Vendor Network Automation\" \/>\n<meta property=\"og:description\" content=\"[vc_row type=&#8220;full_width_background&#8220; full_screen_row_position=&#8220;middle&#8220; column_margin=&#8220;default&#8220; equal_height=&#8220;yes&#8220; content_placement=&#8220;bottom&#8220; column_direction=&#8220;default&#8220; column_direction_tablet=&#8220;default&#8220; column_direction_phone=&#8220;default&#8220; bg_color=&#8220;#ffffff&#8220; scene_position=&#8220;center&#8220; top_padding=&#8220;5%&#8220; bottom_padding=&#8220;8%&#8220; text_color=&#8220;dark&#8220; text_align=&#8220;left&#8220; row_border_radius=&#8220;none&#8220; row_border_radius_applies=&#8220;bg&#8220; overlay_strength=&#8220;0.8&#8243; gradient_direction=&#8220;left_to_right&#8220; shape_divider_position=&#8220;bottom&#8220; shape_divider_height=&#8220;350&#8243; bg_image_animation=&#8220;none&#8220; shape_type=&#8220;mountains&#8220;][vc_column column_padding=&#8220;no-extra-padding&#8220; column_padding_tablet=&#8220;inherit&#8220; column_padding_phone=&#8220;inherit&#8220; column_padding_position=&#8220;all&#8220; column_element_spacing=&#8220;default&#8220; background_color_opacity=&#8220;1&#8243; background_hover_color_opacity=&#8220;1&#8243;...\" \/>\n<meta property=\"og:url\" content=\"https:\/\/racksnet.com\/de\/branchen\/\" \/>\n<meta property=\"og:site_name\" content=\"racksnet\u00ae Multi-Vendor Network Automation\" \/>\n<meta property=\"article:modified_time\" content=\"2021-07-30T11:00:53+00:00\" \/>\n<meta name=\"twitter:card\" content=\"summary_large_image\" \/>\n<meta name=\"twitter:label1\" content=\"Gesch\u00e4tzte Lesezeit\" \/>\n\t<meta name=\"twitter:data1\" content=\"2\u00a0Minuten\" \/>\n<script type=\"application\/ld+json\" class=\"yoast-schema-graph\">{\"@context\":\"https:\/\/schema.org\",\"@graph\":[{\"@type\":\"WebPage\",\"@id\":\"https:\/\/racksnet.com\/de\/branchen\/\",\"url\":\"https:\/\/racksnet.com\/de\/branchen\/\",\"name\":\"Branchen - racksnet\u00ae Multi-Vendor Network Automation\",\"isPartOf\":{\"@id\":\"https:\/\/racksnet.com\/de\/#website\"},\"datePublished\":\"2021-05-31T09:28:18+00:00\",\"dateModified\":\"2021-07-30T11:00:53+00:00\",\"breadcrumb\":{\"@id\":\"https:\/\/racksnet.com\/de\/branchen\/#breadcrumb\"},\"inLanguage\":\"de\",\"potentialAction\":[{\"@type\":\"ReadAction\",\"target\":[\"https:\/\/racksnet.com\/de\/branchen\/\"]}]},{\"@type\":\"BreadcrumbList\",\"@id\":\"https:\/\/racksnet.com\/de\/branchen\/#breadcrumb\",\"itemListElement\":[{\"@type\":\"ListItem\",\"position\":1,\"name\":\"Startseite\",\"item\":\"https:\/\/racksnet.com\/de\/\"},{\"@type\":\"ListItem\",\"position\":2,\"name\":\"Branchen\"}]},{\"@type\":\"WebSite\",\"@id\":\"https:\/\/racksnet.com\/de\/#website\",\"url\":\"https:\/\/racksnet.com\/de\/\",\"name\":\"racksnet\u00ae Multi-Vendor Network Automation\",\"description\":\"Network Automation Cloud\",\"publisher\":{\"@id\":\"https:\/\/racksnet.com\/de\/#organization\"},\"potentialAction\":[{\"@type\":\"SearchAction\",\"target\":{\"@type\":\"EntryPoint\",\"urlTemplate\":\"https:\/\/racksnet.com\/de\/?s={search_term_string}\"},\"query-input\":{\"@type\":\"PropertyValueSpecification\",\"valueRequired\":true,\"valueName\":\"search_term_string\"}}],\"inLanguage\":\"de\"},{\"@type\":\"Organization\",\"@id\":\"https:\/\/racksnet.com\/de\/#organization\",\"name\":\"racksnet GmbH\",\"url\":\"https:\/\/racksnet.com\/de\/\",\"logo\":{\"@type\":\"ImageObject\",\"inLanguage\":\"de\",\"@id\":\"https:\/\/racksnet.com\/de\/#\/schema\/logo\/image\/\",\"url\":\"https:\/\/racksnet.com\/wp-content\/uploads\/2020\/02\/racksnetR-Logo_BLUE_CMYK_SVG.svg\",\"contentUrl\":\"https:\/\/racksnet.com\/wp-content\/uploads\/2020\/02\/racksnetR-Logo_BLUE_CMYK_SVG.svg\",\"width\":60,\"height\":17,\"caption\":\"racksnet GmbH\"},\"image\":{\"@id\":\"https:\/\/racksnet.com\/de\/#\/schema\/logo\/image\/\"},\"sameAs\":[\"https:\/\/www.instagram.com\/racksnet_team\/?hl=de\",\"https:\/\/www.youtube.com\/channel\/UC2bgrlYzS-sDEynp63ECsOQ\"]}]}<\/script>\n<!-- \/ Yoast SEO plugin. -->","yoast_head_json":{"title":"Branchen - racksnet\u00ae Multi-Vendor Network Automation","robots":{"index":"index","follow":"follow","max-snippet":"max-snippet:-1","max-image-preview":"max-image-preview:large","max-video-preview":"max-video-preview:-1"},"canonical":"https:\/\/racksnet.com\/de\/branchen\/","og_locale":"de_DE","og_type":"article","og_title":"Branchen - racksnet\u00ae Multi-Vendor Network Automation","og_description":"[vc_row type=&#8220;full_width_background&#8220; full_screen_row_position=&#8220;middle&#8220; column_margin=&#8220;default&#8220; equal_height=&#8220;yes&#8220; content_placement=&#8220;bottom&#8220; column_direction=&#8220;default&#8220; column_direction_tablet=&#8220;default&#8220; column_direction_phone=&#8220;default&#8220; bg_color=&#8220;#ffffff&#8220; scene_position=&#8220;center&#8220; top_padding=&#8220;5%&#8220; bottom_padding=&#8220;8%&#8220; text_color=&#8220;dark&#8220; text_align=&#8220;left&#8220; row_border_radius=&#8220;none&#8220; row_border_radius_applies=&#8220;bg&#8220; overlay_strength=&#8220;0.8&#8243; gradient_direction=&#8220;left_to_right&#8220; shape_divider_position=&#8220;bottom&#8220; shape_divider_height=&#8220;350&#8243; bg_image_animation=&#8220;none&#8220; shape_type=&#8220;mountains&#8220;][vc_column column_padding=&#8220;no-extra-padding&#8220; column_padding_tablet=&#8220;inherit&#8220; column_padding_phone=&#8220;inherit&#8220; column_padding_position=&#8220;all&#8220; column_element_spacing=&#8220;default&#8220; background_color_opacity=&#8220;1&#8243; background_hover_color_opacity=&#8220;1&#8243;...","og_url":"https:\/\/racksnet.com\/de\/branchen\/","og_site_name":"racksnet\u00ae Multi-Vendor Network Automation","article_modified_time":"2021-07-30T11:00:53+00:00","twitter_card":"summary_large_image","twitter_misc":{"Gesch\u00e4tzte Lesezeit":"2\u00a0Minuten"},"schema":{"@context":"https:\/\/schema.org","@graph":[{"@type":"WebPage","@id":"https:\/\/racksnet.com\/de\/branchen\/","url":"https:\/\/racksnet.com\/de\/branchen\/","name":"Branchen - racksnet\u00ae Multi-Vendor Network Automation","isPartOf":{"@id":"https:\/\/racksnet.com\/de\/#website"},"datePublished":"2021-05-31T09:28:18+00:00","dateModified":"2021-07-30T11:00:53+00:00","breadcrumb":{"@id":"https:\/\/racksnet.com\/de\/branchen\/#breadcrumb"},"inLanguage":"de","potentialAction":[{"@type":"ReadAction","target":["https:\/\/racksnet.com\/de\/branchen\/"]}]},{"@type":"BreadcrumbList","@id":"https:\/\/racksnet.com\/de\/branchen\/#breadcrumb","itemListElement":[{"@type":"ListItem","position":1,"name":"Startseite","item":"https:\/\/racksnet.com\/de\/"},{"@type":"ListItem","position":2,"name":"Branchen"}]},{"@type":"WebSite","@id":"https:\/\/racksnet.com\/de\/#website","url":"https:\/\/racksnet.com\/de\/","name":"racksnet\u00ae Multi-Vendor Network Automation","description":"Network Automation Cloud","publisher":{"@id":"https:\/\/racksnet.com\/de\/#organization"},"potentialAction":[{"@type":"SearchAction","target":{"@type":"EntryPoint","urlTemplate":"https:\/\/racksnet.com\/de\/?s={search_term_string}"},"query-input":{"@type":"PropertyValueSpecification","valueRequired":true,"valueName":"search_term_string"}}],"inLanguage":"de"},{"@type":"Organization","@id":"https:\/\/racksnet.com\/de\/#organization","name":"racksnet GmbH","url":"https:\/\/racksnet.com\/de\/","logo":{"@type":"ImageObject","inLanguage":"de","@id":"https:\/\/racksnet.com\/de\/#\/schema\/logo\/image\/","url":"https:\/\/racksnet.com\/wp-content\/uploads\/2020\/02\/racksnetR-Logo_BLUE_CMYK_SVG.svg","contentUrl":"https:\/\/racksnet.com\/wp-content\/uploads\/2020\/02\/racksnetR-Logo_BLUE_CMYK_SVG.svg","width":60,"height":17,"caption":"racksnet GmbH"},"image":{"@id":"https:\/\/racksnet.com\/de\/#\/schema\/logo\/image\/"},"sameAs":["https:\/\/www.instagram.com\/racksnet_team\/?hl=de","https:\/\/www.youtube.com\/channel\/UC2bgrlYzS-sDEynp63ECsOQ"]}]}},"_links":{"self":[{"href":"https:\/\/racksnet.com\/de\/wp-json\/wp\/v2\/pages\/7264","targetHints":{"allow":["GET"]}}],"collection":[{"href":"https:\/\/racksnet.com\/de\/wp-json\/wp\/v2\/pages"}],"about":[{"href":"https:\/\/racksnet.com\/de\/wp-json\/wp\/v2\/types\/page"}],"author":[{"embeddable":true,"href":"https:\/\/racksnet.com\/de\/wp-json\/wp\/v2\/users\/2"}],"replies":[{"embeddable":true,"href":"https:\/\/racksnet.com\/de\/wp-json\/wp\/v2\/comments?post=7264"}],"version-history":[{"count":117,"href":"https:\/\/racksnet.com\/de\/wp-json\/wp\/v2\/pages\/7264\/revisions"}],"predecessor-version":[{"id":9158,"href":"https:\/\/racksnet.com\/de\/wp-json\/wp\/v2\/pages\/7264\/revisions\/9158"}],"wp:attachment":[{"href":"https:\/\/racksnet.com\/de\/wp-json\/wp\/v2\/media?parent=7264"}],"curies":[{"name":"wp","href":"https:\/\/api.w.org\/{rel}","templated":true}]}}