{"id":2962,"date":"2020-04-02T13:10:26","date_gmt":"2020-04-02T11:10:26","guid":{"rendered":"http:\/\/rn-wo-appli-swhkp4zs0uz5-623024197.eu-central-1.elb.amazonaws.com\/?page_id=2962"},"modified":"2020-07-07T13:04:53","modified_gmt":"2020-07-07T11:04:53","slug":"whiteboard-gui","status":"publish","type":"page","link":"https:\/\/racksnet.com\/de\/produkt\/whiteboard-gui\/","title":{"rendered":"Whiteboard GUI"},"content":{"rendered":"[vc_row type=&#8220;full_width_background&#8220; full_screen_row_position=&#8220;middle&#8220; column_margin=&#8220;default&#8220; equal_height=&#8220;yes&#8220; content_placement=&#8220;bottom&#8220; column_direction=&#8220;default&#8220; column_direction_tablet=&#8220;default&#8220; column_direction_phone=&#8220;default&#8220; bg_image=&#8220;2504&#8243; bg_position=&#8220;center bottom&#8220; bg_repeat=&#8220;no-repeat&#8220; scene_position=&#8220;center&#8220; top_padding=&#8220;8%&#8220; bottom_padding=&#8220;8%&#8220; text_color=&#8220;light&#8220; text_align=&#8220;left&#8220; row_border_radius=&#8220;none&#8220; row_border_radius_applies=&#8220;bg&#8220; color_overlay=&#8220;#0a0a0a&#8220; overlay_strength=&#8220;0.8&#8243; gradient_direction=&#8220;left_to_right&#8220; shape_divider_position=&#8220;bottom&#8220; shape_divider_height=&#8220;350&#8243; bg_image_animation=&#8220;none&#8220; shape_type=&#8220;mountains&#8220;][vc_column column_padding=&#8220;no-extra-padding&#8220; column_padding_tablet=&#8220;inherit&#8220; column_padding_phone=&#8220;inherit&#8220; column_padding_position=&#8220;all&#8220; background_color_opacity=&#8220;1&#8243; background_hover_color_opacity=&#8220;1&#8243; column_shadow=&#8220;none&#8220; column_border_radius=&#8220;none&#8220; column_link_target=&#8220;_self&#8220; gradient_direction=&#8220;left_to_right&#8220; overlay_strength=&#8220;0.3&#8243; width=&#8220;1\/2&#8243; tablet_width_inherit=&#8220;default&#8220; tablet_text_alignment=&#8220;default&#8220; phone_text_alignment=&#8220;default&#8220; column_border_width=&#8220;none&#8220; column_border_style=&#8220;solid&#8220; bg_image_animation=&#8220;none&#8220;][vc_row_inner column_margin=&#8220;default&#8220; column_direction=&#8220;default&#8220; column_direction_tablet=&#8220;default&#8220; column_direction_phone=&#8220;default&#8220; text_align=&#8220;left&#8220;][vc_column_inner column_padding=&#8220;no-extra-padding&#8220; column_padding_tablet=&#8220;inherit&#8220; column_padding_phone=&#8220;inherit&#8220; column_padding_position=&#8220;all&#8220; background_color_opacity=&#8220;1&#8243; background_hover_color_opacity=&#8220;1&#8243; column_shadow=&#8220;none&#8220; column_border_radius=&#8220;none&#8220; column_link_target=&#8220;_self&#8220; gradient_direction=&#8220;left_to_right&#8220; overlay_strength=&#8220;0.3&#8243; width=&#8220;1\/1&#8243; tablet_width_inherit=&#8220;default&#8220; column_border_width=&#8220;none&#8220; column_border_style=&#8220;solid&#8220; bg_image_animation=&#8220;none&#8220;][nectar_icon icon_family=&#8220;iconsmind&#8220; icon_style=&#8220;default&#8220; icon_color_type=&#8220;color_scheme&#8220; icon_color=&#8220;white&#8220; icon_padding=&#8220;0px&#8220; icon_iconsmind=&#8220;iconsmind-Upload-toCloud&#8220; margin_left=&#8220;5px&#8220;][nectar_highlighted_text color_type=&#8220;regular&#8220; highlight_color=&#8220;#ffffff&#8220; style=&#8220;regular_underline&#8220; underline_thickness=&#8220;default&#8220;]\n<h1>Innovativ und einzigartig &#8211; das racksnet\u00ae Whiteboard GUI<\/h1>\n[\/nectar_highlighted_text][vc_column_text max_width=&#8220;400&#8243;]<span style=\"color: #ffffff;\"><a style=\"color: #ffffff;\" href=\"https:\/\/racksnet.com\/de\/produkt\/\">Netzwerkautomatisierung<\/a><\/span> leicht gemacht. Die moderne und sich den Aufgaben jeweils selbst\u00e4ndig flexibel anpassende Drag &amp; Drop Oberfl\u00e4che macht jede Netzwerk-Aufgabe zum Kinderspiel.[\/vc_column_text][nectar_cta btn_style=&#8220;arrow-animation&#8220; heading_tag=&#8220;h6&#8243; text_color=&#8220;#ffffff&#8220; button_color=&#8220;default&#8220; link_type=&#8220;regular&#8220; alignment=&#8220;left&#8220; display=&#8220;block&#8220; link_text=&#8220;weiter&#8220; url=&#8220;#content&#8220;][\/vc_column_inner][\/vc_row_inner][\/vc_column][vc_column column_padding=&#8220;no-extra-padding&#8220; column_padding_tablet=&#8220;inherit&#8220; column_padding_phone=&#8220;inherit&#8220; column_padding_position=&#8220;all&#8220; background_color_opacity=&#8220;1&#8243; background_hover_color_opacity=&#8220;1&#8243; column_shadow=&#8220;none&#8220; column_border_radius=&#8220;none&#8220; column_link_target=&#8220;_self&#8220; gradient_direction=&#8220;left_to_right&#8220; overlay_strength=&#8220;0.3&#8243; width=&#8220;1\/2&#8243; tablet_width_inherit=&#8220;default&#8220; tablet_text_alignment=&#8220;default&#8220; phone_text_alignment=&#8220;default&#8220; column_border_width=&#8220;none&#8220; column_border_style=&#8220;solid&#8220; bg_image_animation=&#8220;none&#8220;][\/vc_column][\/vc_row][vc_row type=&#8220;full_width_background&#8220; full_screen_row_position=&#8220;middle&#8220; column_margin=&#8220;default&#8220; equal_height=&#8220;yes&#8220; content_placement=&#8220;middle&#8220; column_direction=&#8220;default&#8220; column_direction_tablet=&#8220;default&#8220; column_direction_phone=&#8220;default&#8220; scene_position=&#8220;center&#8220; top_padding=&#8220;5%&#8220; bottom_padding=&#8220;7%&#8220; text_color=&#8220;dark&#8220; text_align=&#8220;left&#8220; row_border_radius=&#8220;none&#8220; row_border_radius_applies=&#8220;bg&#8220; id=&#8220;content&#8220; overlay_strength=&#8220;0.3&#8243; gradient_direction=&#8220;left_to_right&#8220; shape_divider_position=&#8220;bottom&#8220; bg_image_animation=&#8220;none&#8220; shape_type=&#8220;&#8220;][vc_column column_padding=&#8220;no-extra-padding&#8220; column_padding_tablet=&#8220;inherit&#8220; column_padding_phone=&#8220;inherit&#8220; column_padding_position=&#8220;all&#8220; background_color_opacity=&#8220;1&#8243; background_hover_color_opacity=&#8220;1&#8243; column_shadow=&#8220;none&#8220; column_border_radius=&#8220;none&#8220; column_link_target=&#8220;_self&#8220; gradient_direction=&#8220;left_to_right&#8220; overlay_strength=&#8220;0.3&#8243; width=&#8220;1\/2&#8243; tablet_width_inherit=&#8220;default&#8220; tablet_text_alignment=&#8220;default&#8220; phone_text_alignment=&#8220;default&#8220; column_border_width=&#8220;none&#8220; column_border_style=&#8220;solid&#8220; bg_image_animation=&#8220;none&#8220;][vc_custom_heading text=&#8220;Zuverl\u00e4ssig und sicher&#8220; font_container=&#8220;tag:div|font_size:16|text_align:left|color:%23e6194c|line_height:32px&#8220; use_theme_fonts=&#8220;yes&#8220;][vc_custom_heading text=&#8220;Einheitliche GUI f\u00fcr alle Switches, Router und Access Points, egal von welchem Hersteller&#8220; font_container=&#8220;tag:h2|text_align:left|color:%2301446e&#8220; use_theme_fonts=&#8220;yes&#8220;][vc_column_text css_animation=&#8220;bottom-to-top&#8220; css=&#8220;.vc_custom_1594119831058{padding-right: 10% !important;}&#8220;]Die einzigartige grafische Benutzeroberfl\u00e4che der racksnet\u00ae Network Automation Software bietet Ihnen eine intuitiv einfach zu bedienende und f\u00fcr alle professionellen Netzwerkger\u00e4te einheitliche Drag &amp; Drop Oberfl\u00e4che. Dabei spielt es f\u00fcr unsere Open Vendor Technologie keine Rolle, ob Ihre IT-Infrastruktur auf L\u00f6sungen von Cisco, Dell EMC, Hewlett Packard Enterprise, Huawei- oder Cumulus basiert.[\/vc_column_text][\/vc_column][vc_column column_padding=&#8220;padding-2-percent&#8220; column_padding_tablet=&#8220;inherit&#8220; column_padding_phone=&#8220;inherit&#8220; column_padding_position=&#8220;left-right&#8220; background_color_opacity=&#8220;1&#8243; background_hover_color_opacity=&#8220;1&#8243; column_shadow=&#8220;none&#8220; column_border_radius=&#8220;none&#8220; column_link_target=&#8220;_self&#8220; gradient_direction=&#8220;left_to_right&#8220; overlay_strength=&#8220;0.3&#8243; width=&#8220;1\/2&#8243; tablet_width_inherit=&#8220;default&#8220; tablet_text_alignment=&#8220;default&#8220; phone_text_alignment=&#8220;default&#8220; column_border_width=&#8220;none&#8220; column_border_style=&#8220;solid&#8220; bg_image_animation=&#8220;none&#8220;][image_with_animation image_url=&#8220;4330&#8243; animation=&#8220;Fade In From Right&#8220; hover_animation=&#8220;none&#8220; alignment=&#8220;&#8220; img_link_large=&#8220;yes&#8220; border_radius=&#8220;none&#8220; box_shadow=&#8220;none&#8220; image_loading=&#8220;default&#8220; max_width=&#8220;150%&#8220; max_width_mobile=&#8220;default&#8220;][\/vc_column][\/vc_row]\n","protected":false},"excerpt":{"rendered":"<p>[vc_row type=&#8220;full_width_background&#8220; full_screen_row_position=&#8220;middle&#8220; column_margin=&#8220;default&#8220; equal_height=&#8220;yes&#8220; content_placement=&#8220;bottom&#8220; column_direction=&#8220;default&#8220; column_direction_tablet=&#8220;default&#8220; column_direction_phone=&#8220;default&#8220; bg_image=&#8220;2504&#8243; bg_position=&#8220;center bottom&#8220; bg_repeat=&#8220;no-repeat&#8220; scene_position=&#8220;center&#8220; top_padding=&#8220;8%&#8220; bottom_padding=&#8220;8%&#8220; text_color=&#8220;light&#8220; text_align=&#8220;left&#8220; row_border_radius=&#8220;none&#8220; row_border_radius_applies=&#8220;bg&#8220; color_overlay=&#8220;#0a0a0a&#8220; overlay_strength=&#8220;0.8&#8243; gradient_direction=&#8220;left_to_right&#8220; shape_divider_position=&#8220;bottom&#8220; shape_divider_height=&#8220;350&#8243; bg_image_animation=&#8220;none&#8220; shape_type=&#8220;mountains&#8220;][vc_column column_padding=&#8220;no-extra-padding&#8220; column_padding_tablet=&#8220;inherit&#8220; column_padding_phone=&#8220;inherit&#8220;&#8230;<\/p>\n","protected":false},"author":1,"featured_media":0,"parent":18,"menu_order":0,"comment_status":"closed","ping_status":"closed","template":"","meta":{"inline_featured_image":false,"footnotes":""},"class_list":["post-2962","page","type-page","status-publish"],"yoast_head":"<!-- This site is optimized with the Yoast SEO plugin v24.9 - https:\/\/yoast.com\/wordpress\/plugins\/seo\/ -->\n<title>Whiteboard GUI - racksnet\u00ae Multi-Vendor Network Automation<\/title>\n<meta name=\"description\" content=\"Mit der einzigartigen grafischen Benutzeroberfl\u00e4che l\u00e4sst sich die Netzwerkautomatisierung mit racksnet\u00ae intuitiv und einfach steuern. Jetzt mehr erfahren!\" \/>\n<meta name=\"robots\" content=\"index, follow, max-snippet:-1, max-image-preview:large, max-video-preview:-1\" \/>\n<link rel=\"canonical\" href=\"https:\/\/racksnet.com\/de\/produkt\/whiteboard-gui\/\" \/>\n<meta property=\"og:locale\" content=\"de_DE\" \/>\n<meta property=\"og:type\" content=\"article\" \/>\n<meta property=\"og:title\" content=\"Whiteboard GUI - racksnet\u00ae Multi-Vendor Network Automation\" \/>\n<meta property=\"og:description\" content=\"Mit der einzigartigen grafischen Benutzeroberfl\u00e4che l\u00e4sst sich die Netzwerkautomatisierung mit racksnet\u00ae intuitiv und einfach steuern. Jetzt mehr erfahren!\" \/>\n<meta property=\"og:url\" content=\"https:\/\/racksnet.com\/de\/produkt\/whiteboard-gui\/\" \/>\n<meta property=\"og:site_name\" content=\"racksnet\u00ae Multi-Vendor Network Automation\" \/>\n<meta property=\"article:modified_time\" content=\"2020-07-07T11:04:53+00:00\" \/>\n<meta name=\"twitter:card\" content=\"summary_large_image\" \/>\n<meta name=\"twitter:label1\" content=\"Gesch\u00e4tzte Lesezeit\" \/>\n\t<meta name=\"twitter:data1\" content=\"4\u00a0Minuten\" \/>\n<script type=\"application\/ld+json\" class=\"yoast-schema-graph\">{\"@context\":\"https:\/\/schema.org\",\"@graph\":[{\"@type\":\"WebPage\",\"@id\":\"https:\/\/racksnet.com\/de\/produkt\/whiteboard-gui\/\",\"url\":\"https:\/\/racksnet.com\/de\/produkt\/whiteboard-gui\/\",\"name\":\"Whiteboard GUI - racksnet\u00ae Multi-Vendor Network Automation\",\"isPartOf\":{\"@id\":\"https:\/\/racksnet.com\/de\/#website\"},\"datePublished\":\"2020-04-02T11:10:26+00:00\",\"dateModified\":\"2020-07-07T11:04:53+00:00\",\"description\":\"Mit der einzigartigen grafischen Benutzeroberfl\u00e4che l\u00e4sst sich die Netzwerkautomatisierung mit racksnet\u00ae intuitiv und einfach steuern. Jetzt mehr erfahren!\",\"breadcrumb\":{\"@id\":\"https:\/\/racksnet.com\/de\/produkt\/whiteboard-gui\/#breadcrumb\"},\"inLanguage\":\"de\",\"potentialAction\":[{\"@type\":\"ReadAction\",\"target\":[\"https:\/\/racksnet.com\/de\/produkt\/whiteboard-gui\/\"]}]},{\"@type\":\"BreadcrumbList\",\"@id\":\"https:\/\/racksnet.com\/de\/produkt\/whiteboard-gui\/#breadcrumb\",\"itemListElement\":[{\"@type\":\"ListItem\",\"position\":1,\"name\":\"Startseite\",\"item\":\"https:\/\/racksnet.com\/de\/\"},{\"@type\":\"ListItem\",\"position\":2,\"name\":\"Produkt\",\"item\":\"https:\/\/racksnet.com\/de\/produkt\/\"},{\"@type\":\"ListItem\",\"position\":3,\"name\":\"Whiteboard GUI\"}]},{\"@type\":\"WebSite\",\"@id\":\"https:\/\/racksnet.com\/de\/#website\",\"url\":\"https:\/\/racksnet.com\/de\/\",\"name\":\"racksnet\u00ae Multi-Vendor Network Automation\",\"description\":\"Network Automation Cloud\",\"publisher\":{\"@id\":\"https:\/\/racksnet.com\/de\/#organization\"},\"potentialAction\":[{\"@type\":\"SearchAction\",\"target\":{\"@type\":\"EntryPoint\",\"urlTemplate\":\"https:\/\/racksnet.com\/de\/?s={search_term_string}\"},\"query-input\":{\"@type\":\"PropertyValueSpecification\",\"valueRequired\":true,\"valueName\":\"search_term_string\"}}],\"inLanguage\":\"de\"},{\"@type\":\"Organization\",\"@id\":\"https:\/\/racksnet.com\/de\/#organization\",\"name\":\"racksnet GmbH\",\"url\":\"https:\/\/racksnet.com\/de\/\",\"logo\":{\"@type\":\"ImageObject\",\"inLanguage\":\"de\",\"@id\":\"https:\/\/racksnet.com\/de\/#\/schema\/logo\/image\/\",\"url\":\"https:\/\/racksnet.com\/wp-content\/uploads\/2020\/02\/racksnetR-Logo_BLUE_CMYK_SVG.svg\",\"contentUrl\":\"https:\/\/racksnet.com\/wp-content\/uploads\/2020\/02\/racksnetR-Logo_BLUE_CMYK_SVG.svg\",\"width\":60,\"height\":17,\"caption\":\"racksnet GmbH\"},\"image\":{\"@id\":\"https:\/\/racksnet.com\/de\/#\/schema\/logo\/image\/\"},\"sameAs\":[\"https:\/\/www.instagram.com\/racksnet_team\/?hl=de\",\"https:\/\/www.youtube.com\/channel\/UC2bgrlYzS-sDEynp63ECsOQ\"]}]}<\/script>\n<!-- \/ Yoast SEO plugin. -->","yoast_head_json":{"title":"Whiteboard GUI - racksnet\u00ae Multi-Vendor Network Automation","description":"Mit der einzigartigen grafischen Benutzeroberfl\u00e4che l\u00e4sst sich die Netzwerkautomatisierung mit racksnet\u00ae intuitiv und einfach steuern. Jetzt mehr erfahren!","robots":{"index":"index","follow":"follow","max-snippet":"max-snippet:-1","max-image-preview":"max-image-preview:large","max-video-preview":"max-video-preview:-1"},"canonical":"https:\/\/racksnet.com\/de\/produkt\/whiteboard-gui\/","og_locale":"de_DE","og_type":"article","og_title":"Whiteboard GUI - racksnet\u00ae Multi-Vendor Network Automation","og_description":"Mit der einzigartigen grafischen Benutzeroberfl\u00e4che l\u00e4sst sich die Netzwerkautomatisierung mit racksnet\u00ae intuitiv und einfach steuern. Jetzt mehr erfahren!","og_url":"https:\/\/racksnet.com\/de\/produkt\/whiteboard-gui\/","og_site_name":"racksnet\u00ae Multi-Vendor Network Automation","article_modified_time":"2020-07-07T11:04:53+00:00","twitter_card":"summary_large_image","twitter_misc":{"Gesch\u00e4tzte Lesezeit":"4\u00a0Minuten"},"schema":{"@context":"https:\/\/schema.org","@graph":[{"@type":"WebPage","@id":"https:\/\/racksnet.com\/de\/produkt\/whiteboard-gui\/","url":"https:\/\/racksnet.com\/de\/produkt\/whiteboard-gui\/","name":"Whiteboard GUI - racksnet\u00ae Multi-Vendor Network Automation","isPartOf":{"@id":"https:\/\/racksnet.com\/de\/#website"},"datePublished":"2020-04-02T11:10:26+00:00","dateModified":"2020-07-07T11:04:53+00:00","description":"Mit der einzigartigen grafischen Benutzeroberfl\u00e4che l\u00e4sst sich die Netzwerkautomatisierung mit racksnet\u00ae intuitiv und einfach steuern. Jetzt mehr erfahren!","breadcrumb":{"@id":"https:\/\/racksnet.com\/de\/produkt\/whiteboard-gui\/#breadcrumb"},"inLanguage":"de","potentialAction":[{"@type":"ReadAction","target":["https:\/\/racksnet.com\/de\/produkt\/whiteboard-gui\/"]}]},{"@type":"BreadcrumbList","@id":"https:\/\/racksnet.com\/de\/produkt\/whiteboard-gui\/#breadcrumb","itemListElement":[{"@type":"ListItem","position":1,"name":"Startseite","item":"https:\/\/racksnet.com\/de\/"},{"@type":"ListItem","position":2,"name":"Produkt","item":"https:\/\/racksnet.com\/de\/produkt\/"},{"@type":"ListItem","position":3,"name":"Whiteboard GUI"}]},{"@type":"WebSite","@id":"https:\/\/racksnet.com\/de\/#website","url":"https:\/\/racksnet.com\/de\/","name":"racksnet\u00ae Multi-Vendor Network Automation","description":"Network Automation Cloud","publisher":{"@id":"https:\/\/racksnet.com\/de\/#organization"},"potentialAction":[{"@type":"SearchAction","target":{"@type":"EntryPoint","urlTemplate":"https:\/\/racksnet.com\/de\/?s={search_term_string}"},"query-input":{"@type":"PropertyValueSpecification","valueRequired":true,"valueName":"search_term_string"}}],"inLanguage":"de"},{"@type":"Organization","@id":"https:\/\/racksnet.com\/de\/#organization","name":"racksnet GmbH","url":"https:\/\/racksnet.com\/de\/","logo":{"@type":"ImageObject","inLanguage":"de","@id":"https:\/\/racksnet.com\/de\/#\/schema\/logo\/image\/","url":"https:\/\/racksnet.com\/wp-content\/uploads\/2020\/02\/racksnetR-Logo_BLUE_CMYK_SVG.svg","contentUrl":"https:\/\/racksnet.com\/wp-content\/uploads\/2020\/02\/racksnetR-Logo_BLUE_CMYK_SVG.svg","width":60,"height":17,"caption":"racksnet GmbH"},"image":{"@id":"https:\/\/racksnet.com\/de\/#\/schema\/logo\/image\/"},"sameAs":["https:\/\/www.instagram.com\/racksnet_team\/?hl=de","https:\/\/www.youtube.com\/channel\/UC2bgrlYzS-sDEynp63ECsOQ"]}]}},"_links":{"self":[{"href":"https:\/\/racksnet.com\/de\/wp-json\/wp\/v2\/pages\/2962","targetHints":{"allow":["GET"]}}],"collection":[{"href":"https:\/\/racksnet.com\/de\/wp-json\/wp\/v2\/pages"}],"about":[{"href":"https:\/\/racksnet.com\/de\/wp-json\/wp\/v2\/types\/page"}],"author":[{"embeddable":true,"href":"https:\/\/racksnet.com\/de\/wp-json\/wp\/v2\/users\/1"}],"replies":[{"embeddable":true,"href":"https:\/\/racksnet.com\/de\/wp-json\/wp\/v2\/comments?post=2962"}],"version-history":[{"count":13,"href":"https:\/\/racksnet.com\/de\/wp-json\/wp\/v2\/pages\/2962\/revisions"}],"predecessor-version":[{"id":6052,"href":"https:\/\/racksnet.com\/de\/wp-json\/wp\/v2\/pages\/2962\/revisions\/6052"}],"up":[{"embeddable":true,"href":"https:\/\/racksnet.com\/de\/wp-json\/wp\/v2\/pages\/18"}],"wp:attachment":[{"href":"https:\/\/racksnet.com\/de\/wp-json\/wp\/v2\/media?parent=2962"}],"curies":[{"name":"wp","href":"https:\/\/api.w.org\/{rel}","templated":true}]}}